{"id":9392,"date":"2025-07-31T22:29:25","date_gmt":"2025-07-31T20:29:25","guid":{"rendered":"https:\/\/www.nordfenster.it\/outlet\/"},"modified":"2025-10-30T08:58:45","modified_gmt":"2025-10-30T07:58:45","slug":"outlet","status":"publish","type":"page","link":"https:\/\/www.nordfenster.it\/de\/outlet\/","title":{"rendered":"Outlet"},"content":{"rendered":"[vc_row type=&#8220;in_container&#8220; full_screen_row_position=&#8220;middle&#8220; column_margin=&#8220;default&#8220; column_direction=&#8220;default&#8220; column_direction_tablet=&#8220;default&#8220; column_direction_phone=&#8220;default&#8220; scene_position=&#8220;center&#8220; top_padding=&#8220;4%&#8220; bottom_margin=&#8220;100px&#8220; text_color=&#8220;dark&#8220; text_align=&#8220;left&#8220; row_border_radius=&#8220;none&#8220; row_border_radius_applies=&#8220;bg&#8220; overflow=&#8220;visible&#8220; overlay_strength=&#8220;0.3&#8243; gradient_direction=&#8220;left_to_right&#8220; shape_divider_position=&#8220;bottom&#8220; bg_image_animation=&#8220;none&#8220; gradient_type=&#8220;default&#8220; shape_type=&#8220;&#8220;][vc_column column_padding=&#8220;no-extra-padding&#8220; column_padding_tablet=&#8220;inherit&#8220; column_padding_phone=&#8220;inherit&#8220; column_padding_position=&#8220;all&#8220; column_element_direction_desktop=&#8220;default&#8220; column_element_spacing=&#8220;default&#8220; desktop_text_alignment=&#8220;default&#8220; tablet_text_alignment=&#8220;default&#8220; phone_text_alignment=&#8220;default&#8220; background_color_opacity=&#8220;1&#8243; background_hover_color_opacity=&#8220;1&#8243; column_backdrop_filter=&#8220;none&#8220; column_shadow=&#8220;none&#8220; column_border_radius=&#8220;none&#8220; column_link_target=&#8220;_self&#8220; column_position=&#8220;default&#8220; gradient_direction=&#8220;left_to_right&#8220; overlay_strength=&#8220;0.3&#8243; width=&#8220;1\/1&#8243; tablet_width_inherit=&#8220;default&#8220; animation_type=&#8220;default&#8220; bg_image_animation=&#8220;none&#8220; border_type=&#8220;simple&#8220; column_border_width=&#8220;none&#8220; column_border_style=&#8220;solid&#8220;][split_line_heading animation_type=&#8220;line-reveal-by-space&#8220; font_style=&#8220;h1&#8243; line_reveal_by_space_text_effect=&#8220;default&#8220; content_alignment=&#8220;center&#8220; mobile_content_alignment=&#8220;center&#8220; link_target=&#8220;_self&#8220; text_content=&#8220;Outlet&#8220;][\/split_line_heading][vc_column_text el_class=&#8220;outlet-text&#8220;]\n<p style=\"text-align: center;\" data-start=\"224\" data-end=\"552\">Wir r\u00e4umen unser Lager: Ausgew\u00e4hlte Fenster und T\u00fcren verlassen unser Gesch\u00e4ft zu stark reduzierten Preisen. Diese Modelle stammen von Messen, aus Musterproduktionen oder sind Lagerbest\u00e4nde. Nat\u00fcrlich sind sie in perfektem Zustand und sofort verf\u00fcgbar.<br \/>\nJetzt ist der perfekte Zeitpunkt, um sich Qualit\u00e4tsprodukte zu unschlagbaren Preisen zu sichern!<\/p>\n[\/vc_column_text][\/vc_column][\/vc_row][vc_row type=&#8220;in_container&#8220; full_screen_row_position=&#8220;middle&#8220; column_margin=&#8220;default&#8220; column_direction=&#8220;default&#8220; column_direction_tablet=&#8220;default&#8220; column_direction_phone=&#8220;default&#8220; scene_position=&#8220;center&#8220; text_color=&#8220;dark&#8220; text_align=&#8220;left&#8220; row_border_radius=&#8220;none&#8220; row_border_radius_applies=&#8220;bg&#8220; overflow=&#8220;visible&#8220; overlay_strength=&#8220;0.3&#8243; gradient_direction=&#8220;left_to_right&#8220; shape_divider_position=&#8220;bottom&#8220; bg_image_animation=&#8220;none&#8220;][vc_column column_padding=&#8220;no-extra-padding&#8220; column_padding_tablet=&#8220;inherit&#8220; column_padding_phone=&#8220;inherit&#8220; column_padding_position=&#8220;all&#8220; column_element_direction_desktop=&#8220;default&#8220; column_element_spacing=&#8220;default&#8220; desktop_text_alignment=&#8220;default&#8220; tablet_text_alignment=&#8220;default&#8220; phone_text_alignment=&#8220;default&#8220; background_color_opacity=&#8220;1&#8243; background_hover_color_opacity=&#8220;1&#8243; column_backdrop_filter=&#8220;none&#8220; column_shadow=&#8220;none&#8220; column_border_radius=&#8220;none&#8220; column_link_target=&#8220;_self&#8220; column_position=&#8220;default&#8220; gradient_direction=&#8220;left_to_right&#8220; overlay_strength=&#8220;0.3&#8243; width=&#8220;1\/1&#8243; tablet_width_inherit=&#8220;default&#8220; animation_type=&#8220;default&#8220; bg_image_animation=&#8220;none&#8220; border_type=&#8220;simple&#8220; column_border_width=&#8220;none&#8220; column_border_style=&#8220;solid&#8220;][vc_column_text]    <div class=\"outlet-grid\">\n              \n        <div class=\"outlet-item\">\n                      <a href=\"https:\/\/www.nordfenster.it\/de\/outlet\/eingangstur\/\">\n              <img decoding=\"async\" src=\"https:\/\/www.nordfenster.it\/wp-content\/uploads\/2025\/07\/Fenster_16.webp\" alt=\"Eingangst\u00fcr\">\n            <\/a>\n                    \n          <h3>Eingangst\u00fcr<\/h3>\n          <ul class=\"outlet-meta\">\n                          <li><strong>Ma\u00dfe:<\/strong> 1073\u202fx\u202f2350\u202fcm<\/li>\n                                      <li><strong>St\u00e4rke:<\/strong> 8\u202fcm<\/li>\n                                      <li><strong>Preis:<\/strong> 1000\u202f\u20ac<\/li>\n                      <\/ul>\n\n          <div class=\"outlet-button\">\n            <a href=\"https:\/\/www.nordfenster.it\/de\/outlet\/eingangstur\/\" class=\"anfrage-button\">Anfragen<\/a>\n          <\/div>\n        <\/div>\n\n              \n        <div class=\"outlet-item\">\n                      <a href=\"https:\/\/www.nordfenster.it\/de\/outlet\/eckhebeschiebetur\/\">\n              <img decoding=\"async\" src=\"https:\/\/www.nordfenster.it\/wp-content\/uploads\/2025\/07\/Fenster_20.webp\" alt=\"Eck-Hebeschiebet\u00fcr\">\n            <\/a>\n                    \n          <h3>Eck-Hebeschiebet\u00fcr<\/h3>\n          <ul class=\"outlet-meta\">\n                          <li><strong>Ma\u00dfe:<\/strong> 250.5\u202fx\u202f223\u202fcm<\/li>\n                                      <li><strong>St\u00e4rke:<\/strong> 20.5\u202fcm<\/li>\n                                      <li><strong>Preis:<\/strong> 1500\u202f\u20ac<\/li>\n                      <\/ul>\n\n          <div class=\"outlet-button\">\n            <a href=\"https:\/\/www.nordfenster.it\/de\/outlet\/eckhebeschiebetur\/\" class=\"anfrage-button\">Anfragen<\/a>\n          <\/div>\n        <\/div>\n\n              \n        <div class=\"outlet-item\">\n                      <a href=\"https:\/\/www.nordfenster.it\/de\/outlet\/schiebefenster\/\">\n              <img decoding=\"async\" src=\"https:\/\/www.nordfenster.it\/wp-content\/uploads\/2025\/07\/Fenster_18.webp\" alt=\"Schiebefenster\">\n            <\/a>\n                    \n          <h3>Schiebefenster<\/h3>\n          <ul class=\"outlet-meta\">\n                          <li><strong>Ma\u00dfe:<\/strong> 149\u202fx\u202f148.7\u202fcm<\/li>\n                                      <li><strong>St\u00e4rke:<\/strong> 6.7\u202fcm<\/li>\n                                      <li><strong>Preis:<\/strong> 500\u202f\u20ac<\/li>\n                      <\/ul>\n\n          <div class=\"outlet-button\">\n            <a href=\"https:\/\/www.nordfenster.it\/de\/outlet\/schiebefenster\/\" class=\"anfrage-button\">Anfragen<\/a>\n          <\/div>\n        <\/div>\n\n              \n        <div class=\"outlet-item\">\n                      <a href=\"https:\/\/www.nordfenster.it\/de\/outlet\/pvc-fenster-3\/\">\n              <img decoding=\"async\" src=\"https:\/\/www.nordfenster.it\/wp-content\/uploads\/2025\/07\/Fenster_15.webp\" alt=\"PVC Fenster\">\n            <\/a>\n                    \n          <h3>PVC Fenster<\/h3>\n          <ul class=\"outlet-meta\">\n                          <li><strong>Ma\u00dfe:<\/strong> 119\u202fx\u202f134.5\u202fcm<\/li>\n                                      <li><strong>St\u00e4rke:<\/strong> 7\u202fcm<\/li>\n                                      <li><strong>Preis:<\/strong> 200\u202f\u20ac<\/li>\n                      <\/ul>\n\n          <div class=\"outlet-button\">\n            <a href=\"https:\/\/www.nordfenster.it\/de\/outlet\/pvc-fenster-3\/\" class=\"anfrage-button\">Anfragen<\/a>\n          <\/div>\n        <\/div>\n\n              \n        <div class=\"outlet-item\">\n                      <a href=\"https:\/\/www.nordfenster.it\/de\/outlet\/pvc-fenster-2\/\">\n              <img decoding=\"async\" src=\"https:\/\/www.nordfenster.it\/wp-content\/uploads\/2025\/07\/Fenster_14.webp\" alt=\"PVC Fenster\">\n            <\/a>\n                    \n          <h3>PVC Fenster<\/h3>\n          <ul class=\"outlet-meta\">\n                          <li><strong>Ma\u00dfe:<\/strong> 138\u202fx\u202f133\u202fcm<\/li>\n                                      <li><strong>St\u00e4rke:<\/strong> 8.4\u202fcm<\/li>\n                                      <li><strong>Preis:<\/strong> 200\u202f\u20ac<\/li>\n                      <\/ul>\n\n          <div class=\"outlet-button\">\n            <a href=\"https:\/\/www.nordfenster.it\/de\/outlet\/pvc-fenster-2\/\" class=\"anfrage-button\">Anfragen<\/a>\n          <\/div>\n        <\/div>\n\n              \n        <div class=\"outlet-item\">\n                      <a href=\"https:\/\/www.nordfenster.it\/de\/outlet\/holz-fenster-3\/\">\n              <img decoding=\"async\" src=\"https:\/\/www.nordfenster.it\/wp-content\/uploads\/2025\/07\/Fenster_11.webp\" alt=\"Holz Fenster\">\n            <\/a>\n                    \n          <h3>Holz Fenster<\/h3>\n          <ul class=\"outlet-meta\">\n                          <li><strong>Ma\u00dfe:<\/strong> 98\u202fx\u202f159.5\u202fcm<\/li>\n                                      <li><strong>St\u00e4rke:<\/strong> 8\u202fcm<\/li>\n                                      <li><strong>Preis:<\/strong> 150\u202f\u20ac<\/li>\n                      <\/ul>\n\n          <div class=\"outlet-button\">\n            <a href=\"https:\/\/www.nordfenster.it\/de\/outlet\/holz-fenster-3\/\" class=\"anfrage-button\">Anfragen<\/a>\n          <\/div>\n        <\/div>\n\n              \n        <div class=\"outlet-item\">\n                      <a href=\"https:\/\/www.nordfenster.it\/de\/outlet\/pvc-alu-fenster\/\">\n              <img decoding=\"async\" src=\"https:\/\/www.nordfenster.it\/wp-content\/uploads\/2025\/07\/Fenster_8.webp\" alt=\"PVC-Alu Fenster\">\n            <\/a>\n                    \n          <h3>PVC-Alu Fenster<\/h3>\n          <ul class=\"outlet-meta\">\n                          <li><strong>Ma\u00dfe:<\/strong> 105\u202fx\u202f125\u202fcm<\/li>\n                                      <li><strong>St\u00e4rke:<\/strong> 9\u202fcm<\/li>\n                                      <li><strong>Preis:<\/strong> 200\u202f\u20ac<\/li>\n                      <\/ul>\n\n          <div class=\"outlet-button\">\n            <a href=\"https:\/\/www.nordfenster.it\/de\/outlet\/pvc-alu-fenster\/\" class=\"anfrage-button\">Anfragen<\/a>\n          <\/div>\n        <\/div>\n\n              \n        <div class=\"outlet-item\">\n                      <a href=\"https:\/\/www.nordfenster.it\/de\/outlet\/jalousien-aus-aluminium\/\">\n              <img decoding=\"async\" src=\"https:\/\/www.nordfenster.it\/wp-content\/uploads\/2025\/07\/Fenster_6.webp\" alt=\"Jalousien aus Aluminium\">\n            <\/a>\n                    \n          <h3>Jalousien aus Aluminium<\/h3>\n          <ul class=\"outlet-meta\">\n                          <li><strong>Ma\u00dfe:<\/strong> 96\u202fx\u202f115\u202fcm<\/li>\n                                      <li><strong>St\u00e4rke:<\/strong> 7.7\u202fcm<\/li>\n                                      <li><strong>Preis:<\/strong> 350\u202f\u20ac<\/li>\n                      <\/ul>\n\n          <div class=\"outlet-button\">\n            <a href=\"https:\/\/www.nordfenster.it\/de\/outlet\/jalousien-aus-aluminium\/\" class=\"anfrage-button\">Anfragen<\/a>\n          <\/div>\n        <\/div>\n\n          <\/div>\n  [\/vc_column_text][\/vc_column][\/vc_row]\n","protected":false},"excerpt":{"rendered":"<p>[vc_row type=&#8220;in_container&#8220; full_screen_row_position=&#8220;middle&#8220; column_margin=&#8220;default&#8220; column_direction=&#8220;default&#8220; column_direction_tablet=&#8220;default&#8220; column_direction_phone=&#8220;default&#8220; scene_position=&#8220;center&#8220; top_padding=&#8220;4%&#8220; bottom_margin=&#8220;100px&#8220; text_color=&#8220;dark&#8220; text_align=&#8220;left&#8220; row_border_radius=&#8220;none&#8220; row_border_radius_applies=&#8220;bg&#8220; overflow=&#8220;visible&#8220; overlay_strength=&#8220;0.3&#8243; gradient_direction=&#8220;left_to_right&#8220; shape_divider_position=&#8220;bottom&#8220; bg_image_animation=&#8220;none&#8220; gradient_type=&#8220;default&#8220; shape_type=&#8220;&#8220;][vc_column column_padding=&#8220;no-extra-padding&#8220; column_padding_tablet=&#8220;inherit&#8220; column_padding_phone=&#8220;inherit&#8220; column_padding_position=&#8220;all&#8220;&#8230;<\/p>\n","protected":false},"author":7,"featured_media":0,"parent":0,"menu_order":0,"comment_status":"closed","ping_status":"closed","template":"","meta":{"_acf_changed":false,"footnotes":""},"class_list":["post-9392","page","type-page","status-publish"],"acf":[],"_links":{"self":[{"href":"https:\/\/www.nordfenster.it\/de\/wp-json\/wp\/v2\/pages\/9392","targetHints":{"allow":["GET"]}}],"collection":[{"href":"https:\/\/www.nordfenster.it\/de\/wp-json\/wp\/v2\/pages"}],"about":[{"href":"https:\/\/www.nordfenster.it\/de\/wp-json\/wp\/v2\/types\/page"}],"author":[{"embeddable":true,"href":"https:\/\/www.nordfenster.it\/de\/wp-json\/wp\/v2\/users\/7"}],"replies":[{"embeddable":true,"href":"https:\/\/www.nordfenster.it\/de\/wp-json\/wp\/v2\/comments?post=9392"}],"version-history":[{"count":7,"href":"https:\/\/www.nordfenster.it\/de\/wp-json\/wp\/v2\/pages\/9392\/revisions"}],"predecessor-version":[{"id":9483,"href":"https:\/\/www.nordfenster.it\/de\/wp-json\/wp\/v2\/pages\/9392\/revisions\/9483"}],"wp:attachment":[{"href":"https:\/\/www.nordfenster.it\/de\/wp-json\/wp\/v2\/media?parent=9392"}],"curies":[{"name":"wp","href":"https:\/\/api.w.org\/{rel}","templated":true}]}}