{"id":7440,"date":"2019-05-22T19:23:28","date_gmt":"2019-05-22T17:23:28","guid":{"rendered":"https:\/\/nordfenster.it\/ausstattung\/"},"modified":"2022-03-24T16:46:23","modified_gmt":"2022-03-24T15:46:23","slug":"fenster","status":"publish","type":"page","link":"https:\/\/www.nordfenster.it\/de\/fenster\/","title":{"rendered":"Fenster"},"content":{"rendered":"[vc_row type=&#8220;full_width_background&#8220; full_screen_row_position=&#8220;middle&#8220; column_margin=&#8220;default&#8220; column_direction=&#8220;default&#8220; column_direction_tablet=&#8220;default&#8220; column_direction_phone=&#8220;default&#8220; bg_color=&#8220;#fafafa&#8220; scene_position=&#8220;center&#8220; top_padding=&#8220;4%&#8220; bottom_padding=&#8220;5%&#8220; text_color=&#8220;dark&#8220; text_align=&#8220;left&#8220; row_border_radius=&#8220;none&#8220; row_border_radius_applies=&#8220;bg&#8220; overflow=&#8220;visible&#8220; overlay_strength=&#8220;0.3&#8243; gradient_direction=&#8220;left_to_right&#8220; shape_divider_position=&#8220;bottom&#8220; bg_image_animation=&#8220;none&#8220; shape_type=&#8220;&#8220;][vc_column column_padding=&#8220;padding-5-percent&#8220; column_padding_tablet=&#8220;inherit&#8220; column_padding_phone=&#8220;inherit&#8220; column_padding_position=&#8220;all&#8220; column_element_spacing=&#8220;default&#8220; background_color_opacity=&#8220;1&#8243; background_hover_color_opacity=&#8220;1&#8243; column_shadow=&#8220;none&#8220; column_border_radius=&#8220;none&#8220; column_link_target=&#8220;_self&#8220; column_position=&#8220;default&#8220; gradient_direction=&#8220;left_to_right&#8220; overlay_strength=&#8220;0.3&#8243; width=&#8220;2\/3&#8243; tablet_width_inherit=&#8220;default&#8220; tablet_text_alignment=&#8220;default&#8220; phone_text_alignment=&#8220;default&#8220; animation_type=&#8220;default&#8220; bg_image_animation=&#8220;none&#8220; border_type=&#8220;simple&#8220; column_border_width=&#8220;none&#8220; column_border_style=&#8220;solid&#8220;][split_line_heading animation_type=&#8220;default&#8220;]\n<h1>Nordfenster:<\/h1>\n<h1>Fenster und T\u00fcren in S\u00fcdtirol<\/h1>\n[\/split_line_heading][split_line_heading animation_type=&#8220;default&#8220;]\n<h2>Aus Holz und Aluminium, nur aus Holz oder aus PVC: Die breite Palette im Angebot von Nordfenster erm\u00f6glicht f\u00fcr jedes Projekt optimale Kombinationen aus Fenstern und Zubeh\u00f6r.<\/h2>\n[\/split_line_heading][vc_column_text]Jedes Projekt ist f\u00fcr Nordfenster ein ganz individuelles, f\u00fcr jedes Projekt werden daher L\u00f6sungen auf Ma\u00df entwickelt, f\u00fcr die die optimalen Fenster ausgesucht werden. So geht es um das richtige Material ebenso wie um den fachgerechten, jeder Situation gerecht werdenden Einbau. Und egal, ob aus Holz und Aluminium, nur aus Holz oder aus <a href=\"https:\/\/de.wikipedia.org\/wiki\/Polyvinylchlorid\" target=\"_blank\" rel=\"noopener\">PVC<\/a>: die Fenster, aus denen Nordfenster seine ma\u00dfgeschneiderten L\u00f6sungen entwickelt, sind von h\u00f6chster Qualit\u00e4t, langlebig und sichern einen optimalen Tageslichteinfall.[\/vc_column_text][\/vc_column][vc_column column_padding=&#8220;no-extra-padding&#8220; column_padding_tablet=&#8220;inherit&#8220; column_padding_phone=&#8220;inherit&#8220; column_padding_position=&#8220;all&#8220; column_element_spacing=&#8220;default&#8220; background_color_opacity=&#8220;1&#8243; background_hover_color_opacity=&#8220;1&#8243; column_shadow=&#8220;none&#8220; column_border_radius=&#8220;none&#8220; column_link_target=&#8220;_self&#8220; column_position=&#8220;default&#8220; gradient_direction=&#8220;left_to_right&#8220; overlay_strength=&#8220;0.3&#8243; width=&#8220;1\/3&#8243; tablet_width_inherit=&#8220;default&#8220; tablet_text_alignment=&#8220;default&#8220; phone_text_alignment=&#8220;default&#8220; animation_type=&#8220;default&#8220; bg_image_animation=&#8220;none&#8220; border_type=&#8220;simple&#8220; column_border_width=&#8220;none&#8220; column_border_style=&#8220;solid&#8220;][\/vc_column][\/vc_row][vc_row type=&#8220;in_container&#8220; full_screen_row_position=&#8220;middle&#8220; column_margin=&#8220;default&#8220; column_direction=&#8220;default&#8220; column_direction_tablet=&#8220;default&#8220; column_direction_phone=&#8220;default&#8220; scene_position=&#8220;center&#8220; top_padding=&#8220;5%&#8220; bottom_padding=&#8220;10&#8243; text_color=&#8220;dark&#8220; text_align=&#8220;left&#8220; row_border_radius=&#8220;none&#8220; row_border_radius_applies=&#8220;bg&#8220; overflow=&#8220;visible&#8220; overlay_strength=&#8220;0.3&#8243; gradient_direction=&#8220;left_to_right&#8220; shape_divider_position=&#8220;bottom&#8220; bg_image_animation=&#8220;none&#8220; shape_type=&#8220;&#8220;][vc_column column_padding=&#8220;no-extra-padding&#8220; column_padding_tablet=&#8220;inherit&#8220; column_padding_phone=&#8220;inherit&#8220; column_padding_position=&#8220;all&#8220; column_element_spacing=&#8220;default&#8220; background_color_opacity=&#8220;1&#8243; background_hover_color_opacity=&#8220;1&#8243; column_shadow=&#8220;none&#8220; column_border_radius=&#8220;none&#8220; column_link_target=&#8220;_self&#8220; column_position=&#8220;default&#8220; gradient_direction=&#8220;left_to_right&#8220; overlay_strength=&#8220;0.3&#8243; width=&#8220;1\/3&#8243; tablet_width_inherit=&#8220;default&#8220; tablet_text_alignment=&#8220;default&#8220; phone_text_alignment=&#8220;default&#8220; animation_type=&#8220;default&#8220; bg_image_animation=&#8220;none&#8220; border_type=&#8220;simple&#8220; column_border_width=&#8220;none&#8220; column_border_style=&#8220;solid&#8220;][fancy_box box_style=&#8220;default&#8220; icon_family=&#8220;none&#8220; image_url=&#8220;6066&#8243; color=&#8220;accent-color&#8220; border_radius=&#8220;default&#8220; image_loading=&#8220;default&#8220; link_url=&#8220;\/de\/finestre-in-legno\/&#8220; link_text=&#8220;Erfahren Sie mehr&#8220; min_height=&#8220;350&#8243;]\n<h2>Holzfenster<\/h2>\n[\/fancy_box][\/vc_column][vc_column column_padding=&#8220;no-extra-padding&#8220; column_padding_tablet=&#8220;inherit&#8220; column_padding_phone=&#8220;inherit&#8220; column_padding_position=&#8220;all&#8220; column_element_spacing=&#8220;default&#8220; background_color_opacity=&#8220;1&#8243; background_hover_color_opacity=&#8220;1&#8243; column_shadow=&#8220;none&#8220; column_border_radius=&#8220;none&#8220; column_link_target=&#8220;_self&#8220; column_position=&#8220;default&#8220; gradient_direction=&#8220;left_to_right&#8220; overlay_strength=&#8220;0.3&#8243; width=&#8220;1\/3&#8243; tablet_width_inherit=&#8220;default&#8220; tablet_text_alignment=&#8220;default&#8220; phone_text_alignment=&#8220;default&#8220; animation_type=&#8220;default&#8220; bg_image_animation=&#8220;none&#8220; border_type=&#8220;simple&#8220; column_border_width=&#8220;none&#8220; column_border_style=&#8220;solid&#8220;][fancy_box box_style=&#8220;default&#8220; icon_family=&#8220;none&#8220; image_url=&#8220;6065&#8243; color=&#8220;accent-color&#8220; border_radius=&#8220;default&#8220; image_loading=&#8220;default&#8220; link_url=&#8220;\/de\/finestre-in-legno-e-alluminio\/&#8220; link_text=&#8220;Erfahren Sie mehr&#8220; min_height=&#8220;350&#8243;]\n<h2>Holz-Alu-Fenster<\/h2>\n[\/fancy_box][\/vc_column][vc_column column_padding=&#8220;no-extra-padding&#8220; column_padding_tablet=&#8220;inherit&#8220; column_padding_phone=&#8220;inherit&#8220; column_padding_position=&#8220;all&#8220; column_element_spacing=&#8220;default&#8220; background_color_opacity=&#8220;1&#8243; background_hover_color_opacity=&#8220;1&#8243; column_shadow=&#8220;none&#8220; column_border_radius=&#8220;none&#8220; column_link_target=&#8220;_self&#8220; column_position=&#8220;default&#8220; gradient_direction=&#8220;left_to_right&#8220; overlay_strength=&#8220;0.3&#8243; width=&#8220;1\/3&#8243; tablet_width_inherit=&#8220;default&#8220; tablet_text_alignment=&#8220;default&#8220; phone_text_alignment=&#8220;default&#8220; animation_type=&#8220;default&#8220; bg_image_animation=&#8220;none&#8220; border_type=&#8220;simple&#8220; column_border_width=&#8220;none&#8220; column_border_style=&#8220;solid&#8220;][fancy_box box_style=&#8220;default&#8220; icon_family=&#8220;none&#8220; image_url=&#8220;6068&#8243; color=&#8220;accent-color&#8220; border_radius=&#8220;default&#8220; image_loading=&#8220;default&#8220; link_url=&#8220;\/de\/finestre-pvc\/&#8220; link_text=&#8220;Erfahren Sie mehr&#8220; min_height=&#8220;350&#8243;]\n<h2>PVC-Fenster<\/h2>\n[\/fancy_box][\/vc_column][\/vc_row][vc_row type=&#8220;in_container&#8220; full_screen_row_position=&#8220;middle&#8220; column_margin=&#8220;default&#8220; column_direction=&#8220;default&#8220; column_direction_tablet=&#8220;default&#8220; column_direction_phone=&#8220;default&#8220; scene_position=&#8220;center&#8220; bottom_padding=&#8220;5%&#8220; text_color=&#8220;dark&#8220; text_align=&#8220;left&#8220; row_border_radius=&#8220;none&#8220; row_border_radius_applies=&#8220;bg&#8220; overflow=&#8220;visible&#8220; overlay_strength=&#8220;0.3&#8243; gradient_direction=&#8220;left_to_right&#8220; shape_divider_position=&#8220;bottom&#8220; bg_image_animation=&#8220;none&#8220; shape_type=&#8220;&#8220;][vc_column column_padding=&#8220;no-extra-padding&#8220; column_padding_tablet=&#8220;inherit&#8220; column_padding_phone=&#8220;inherit&#8220; column_padding_position=&#8220;all&#8220; column_element_spacing=&#8220;default&#8220; background_color_opacity=&#8220;1&#8243; background_hover_color_opacity=&#8220;1&#8243; column_shadow=&#8220;none&#8220; column_border_radius=&#8220;none&#8220; column_link_target=&#8220;_self&#8220; column_position=&#8220;default&#8220; gradient_direction=&#8220;left_to_right&#8220; overlay_strength=&#8220;0.3&#8243; width=&#8220;1\/3&#8243; tablet_width_inherit=&#8220;default&#8220; tablet_text_alignment=&#8220;default&#8220; phone_text_alignment=&#8220;default&#8220; animation_type=&#8220;default&#8220; bg_image_animation=&#8220;none&#8220; border_type=&#8220;simple&#8220; column_border_width=&#8220;none&#8220; column_border_style=&#8220;solid&#8220;][fancy_box box_style=&#8220;default&#8220; icon_family=&#8220;none&#8220; image_url=&#8220;6070&#8243; color=&#8220;accent-color&#8220; border_radius=&#8220;default&#8220; image_loading=&#8220;default&#8220; link_url=&#8220;\/de\/finestre-pvc-e-alluminio\/&#8220; link_text=&#8220;Erfahren Sie mehr&#8220; min_height=&#8220;350&#8243;]\n<h2>PVC-Alu-Fenster<\/h2>\n[\/fancy_box][\/vc_column][vc_column column_padding=&#8220;no-extra-padding&#8220; column_padding_tablet=&#8220;inherit&#8220; column_padding_phone=&#8220;inherit&#8220; column_padding_position=&#8220;all&#8220; column_element_spacing=&#8220;default&#8220; background_color_opacity=&#8220;1&#8243; background_hover_color_opacity=&#8220;1&#8243; column_shadow=&#8220;none&#8220; column_border_radius=&#8220;none&#8220; column_link_target=&#8220;_self&#8220; column_position=&#8220;default&#8220; gradient_direction=&#8220;left_to_right&#8220; overlay_strength=&#8220;0.3&#8243; width=&#8220;1\/3&#8243; tablet_width_inherit=&#8220;default&#8220; tablet_text_alignment=&#8220;default&#8220; phone_text_alignment=&#8220;default&#8220; animation_type=&#8220;default&#8220; bg_image_animation=&#8220;none&#8220; border_type=&#8220;simple&#8220; column_border_width=&#8220;none&#8220; column_border_style=&#8220;solid&#8220;][fancy_box box_style=&#8220;default&#8220; icon_family=&#8220;none&#8220; image_url=&#8220;6653&#8243; color=&#8220;accent-color&#8220; border_radius=&#8220;default&#8220; image_loading=&#8220;default&#8220; link_url=&#8220;\/de\/finestre-in-alluminio\/&#8220; link_text=&#8220;Erfahren Sie mehr&#8220; min_height=&#8220;350&#8243;]\n<h2>Fenster aus Aluminium<\/h2>\n[\/fancy_box][\/vc_column][vc_column column_padding=&#8220;no-extra-padding&#8220; column_padding_tablet=&#8220;inherit&#8220; column_padding_phone=&#8220;inherit&#8220; column_padding_position=&#8220;all&#8220; column_element_spacing=&#8220;default&#8220; background_color_opacity=&#8220;1&#8243; background_hover_color_opacity=&#8220;1&#8243; column_shadow=&#8220;none&#8220; column_border_radius=&#8220;none&#8220; column_link_target=&#8220;_self&#8220; column_position=&#8220;default&#8220; gradient_direction=&#8220;left_to_right&#8220; overlay_strength=&#8220;0.3&#8243; width=&#8220;1\/3&#8243; tablet_width_inherit=&#8220;default&#8220; tablet_text_alignment=&#8220;default&#8220; phone_text_alignment=&#8220;default&#8220; animation_type=&#8220;default&#8220; bg_image_animation=&#8220;none&#8220; border_type=&#8220;simple&#8220; column_border_width=&#8220;none&#8220; column_border_style=&#8220;solid&#8220;][fancy_box box_style=&#8220;default&#8220; icon_family=&#8220;none&#8220; image_url=&#8220;6072&#8243; color=&#8220;accent-color&#8220; border_radius=&#8220;default&#8220; image_loading=&#8220;default&#8220; link_url=&#8220;\/de\/porte-scorrevoli\/&#8220; link_text=&#8220;Erfahren Sie mehr&#8220; min_height=&#8220;350&#8243;]\n<h2>Schiebet\u00fcren<\/h2>\n[\/fancy_box][\/vc_column][\/vc_row]\n","protected":false},"excerpt":{"rendered":"<p>[vc_row type=&#8220;full_width_background&#8220; full_screen_row_position=&#8220;middle&#8220; column_margin=&#8220;default&#8220; column_direction=&#8220;default&#8220; column_direction_tablet=&#8220;default&#8220; column_direction_phone=&#8220;default&#8220; bg_color=&#8220;#fafafa&#8220; scene_position=&#8220;center&#8220; top_padding=&#8220;4%&#8220; bottom_padding=&#8220;5%&#8220; text_color=&#8220;dark&#8220; text_align=&#8220;left&#8220; row_border_radius=&#8220;none&#8220; row_border_radius_applies=&#8220;bg&#8220; overflow=&#8220;visible&#8220; overlay_strength=&#8220;0.3&#8243; gradient_direction=&#8220;left_to_right&#8220; shape_divider_position=&#8220;bottom&#8220; bg_image_animation=&#8220;none&#8220; shape_type=&#8220;&#8220;][vc_column column_padding=&#8220;padding-5-percent&#8220; column_padding_tablet=&#8220;inherit&#8220; column_padding_phone=&#8220;inherit&#8220; column_padding_position=&#8220;all&#8220;&#8230;<\/p>\n","protected":false},"author":6,"featured_media":0,"parent":0,"menu_order":0,"comment_status":"closed","ping_status":"closed","template":"page-after_body.php","meta":{"_acf_changed":false,"footnotes":""},"class_list":["post-7440","page","type-page","status-publish"],"acf":[],"_links":{"self":[{"href":"https:\/\/www.nordfenster.it\/de\/wp-json\/wp\/v2\/pages\/7440","targetHints":{"allow":["GET"]}}],"collection":[{"href":"https:\/\/www.nordfenster.it\/de\/wp-json\/wp\/v2\/pages"}],"about":[{"href":"https:\/\/www.nordfenster.it\/de\/wp-json\/wp\/v2\/types\/page"}],"author":[{"embeddable":true,"href":"https:\/\/www.nordfenster.it\/de\/wp-json\/wp\/v2\/users\/6"}],"replies":[{"embeddable":true,"href":"https:\/\/www.nordfenster.it\/de\/wp-json\/wp\/v2\/comments?post=7440"}],"version-history":[{"count":5,"href":"https:\/\/www.nordfenster.it\/de\/wp-json\/wp\/v2\/pages\/7440\/revisions"}],"predecessor-version":[{"id":8266,"href":"https:\/\/www.nordfenster.it\/de\/wp-json\/wp\/v2\/pages\/7440\/revisions\/8266"}],"wp:attachment":[{"href":"https:\/\/www.nordfenster.it\/de\/wp-json\/wp\/v2\/media?parent=7440"}],"curies":[{"name":"wp","href":"https:\/\/api.w.org\/{rel}","templated":true}]}}