{"id":7081,"date":"2019-05-22T18:19:01","date_gmt":"2019-05-22T16:19:01","guid":{"rendered":"https:\/\/nordfenster.it\/gebaude-restauriert-werden\/"},"modified":"2022-03-24T16:43:20","modified_gmt":"2022-03-24T15:43:20","slug":"gebaude-restauriert-werden","status":"publish","type":"page","link":"https:\/\/www.nordfenster.it\/de\/gebaude-restauriert-werden\/","title":{"rendered":"Geb\u00e4ude restauriert werden"},"content":{"rendered":"[vc_row type=&#8220;full_width_background&#8220; full_screen_row_position=&#8220;middle&#8220; bg_color=&#8220;#fafafa&#8220; scene_position=&#8220;center&#8220; text_color=&#8220;dark&#8220; text_align=&#8220;left&#8220; top_padding=&#8220;4%&#8220; bottom_padding=&#8220;4%&#8220; overlay_strength=&#8220;0.3&#8243; shape_divider_position=&#8220;bottom&#8220; bg_image_animation=&#8220;none&#8220; shape_type=&#8220;&#8220;][vc_column column_padding=&#8220;padding-5-percent&#8220; column_padding_position=&#8220;all&#8220; background_color_opacity=&#8220;1&#8243; background_hover_color_opacity=&#8220;1&#8243; column_link_target=&#8220;_self&#8220; column_shadow=&#8220;none&#8220; column_border_radius=&#8220;none&#8220; width=&#8220;2\/3&#8243; tablet_width_inherit=&#8220;default&#8220; tablet_text_alignment=&#8220;default&#8220; phone_text_alignment=&#8220;default&#8220; column_border_width=&#8220;none&#8220; column_border_style=&#8220;solid&#8220; bg_image_animation=&#8220;none&#8220;][split_line_heading]\n<h1>Sie sanieren, Nordfenster sorgt f\u00fcr ma\u00dfgeschneiderte Fenster und Beschattungssysteme<\/h1>\n[\/split_line_heading][split_line_heading]\n<h2>Wenn Sie Ihr Haus oder Ihre Wohnung sanieren wollen, finden Sie in Nordfenster einen zuverl\u00e4ssigen Partner. Wir entwickeln L\u00f6sungen auf Ma\u00df, die viel Tageslicht mit \u00c4sthetik, Schall- und W\u00e4rmed\u00e4mmung kombinieren.<\/h2>\n[\/split_line_heading][vc_column_text]Die Sanierung von H\u00e4usern oder Wohnungen sowie deren Ausbau geh\u00f6ren zu den S\u00e4ulen unserer T\u00e4tigkeit bei Nordfenster. Deshalb wissen wir, wie wichtig ma\u00dfgeschneiderte L\u00f6sungen sind, die nicht nur f\u00fcr einen perfekten Tageslichteinfall, sondern dar\u00fcber hinaus f\u00fcr optimale W\u00e4rme- und Schalld\u00e4mmung sorgen. In unsere Arbeit bringen wir all unsere Erfahrung ein, individuelle L\u00f6sungen werden Schritt f\u00fcr Schritt entwickelt Nachdem Sie sich telefonisch oder digital bei uns gemeldet haben, f\u00fchren wir gemeinsam einen Lokalaugenschein durch. Dieser ist notwendig, wollen wir doch im Detail verstehen, was Sie sich w\u00fcnschen und welche Rahmenbedingungen sich uns bieten.<\/p>\n<p>Erst wenn wir die Ausgangslage genauestens kennen, machen wir uns bei Nordfenster an die Planung, aus der sich auch ein Kostenvoranschlag ergibt. Beides, Planung wie Kostenvoranschlag, Erst wenn wir die Ausgangslage genauestens kennen, machen wir uns bei Nordfenster an die Planung, aus der sich auch ein Kostenvoranschlag ergibt. Beides, Planung wie Kostenvoranschlag, wird danach mit dem Kunden durchgegangen &#8211; entweder am Sitz von Nordfenster oder bei Ihnen vor Ort. Die individuelle Betreuung macht Nordfenster zum idealen Partner f\u00fcr private Bauherren, aber auch f\u00fcr Bau- und Immobilienunternehmen, garantieren wir doch h\u00f6chste Qualit\u00e4t, Sorgsamkeit und Zuverl\u00e4ssigkeit.[\/vc_column_text][\/vc_column][vc_column column_padding=&#8220;no-extra-padding&#8220; column_padding_position=&#8220;all&#8220; background_color_opacity=&#8220;1&#8243; background_hover_color_opacity=&#8220;1&#8243; column_link_target=&#8220;_self&#8220; column_shadow=&#8220;none&#8220; column_border_radius=&#8220;none&#8220; width=&#8220;1\/3&#8243; tablet_width_inherit=&#8220;default&#8220; tablet_text_alignment=&#8220;default&#8220; phone_text_alignment=&#8220;default&#8220; column_border_width=&#8220;none&#8220; column_border_style=&#8220;solid&#8220; bg_image_animation=&#8220;none&#8220;][\/vc_column][\/vc_row][vc_row type=&#8220;in_container&#8220; full_screen_row_position=&#8220;middle&#8220; scene_position=&#8220;center&#8220; text_color=&#8220;dark&#8220; text_align=&#8220;left&#8220; top_padding=&#8220;5%&#8220; overlay_strength=&#8220;0.3&#8243; shape_divider_position=&#8220;bottom&#8220; bg_image_animation=&#8220;none&#8220; shape_type=&#8220;&#8220;][vc_column column_padding=&#8220;no-extra-padding&#8220; column_padding_position=&#8220;all&#8220; background_color_opacity=&#8220;1&#8243; background_hover_color_opacity=&#8220;1&#8243; column_link_target=&#8220;_self&#8220; column_shadow=&#8220;none&#8220; column_border_radius=&#8220;none&#8220; width=&#8220;1\/1&#8243; tablet_width_inherit=&#8220;default&#8220; tablet_text_alignment=&#8220;default&#8220; phone_text_alignment=&#8220;default&#8220; column_border_width=&#8220;none&#8220; column_border_style=&#8220;solid&#8220; bg_image_animation=&#8220;none&#8220;][vc_custom_heading text=&#8220;Machen Sie sich ein Bild von unseren Sanierungs-Projekten!&#8220; font_container=&#8220;tag:h2|font_size:24|text_align:left|color:%23f0821d|line_height:4&#8243; use_theme_fonts=&#8220;yes&#8220;]<div class=\"nectar_fullscreen_zoom_recent_projects\" data-autorotate=\"20000\" data-slider-text-color=\"light\" data-slider-controls=\"both\" data-overlay-opacity=\"0.5\"><div class=\"project-slides\"><div class=\"project-slide current\"><div class=\"bg-outer-wrap\"><div class=\"bg-outer\"><div class=\"bg-inner-wrap\" style=\"background-color: #000000;\"><div class=\"slide-bg\" style=\"background-image:url(https:\/\/www.nordfenster.it\/wp-content\/uploads\/2026\/01\/bild-146.jpg)\"><\/div><\/div><\/div><\/div><div class=\"project-info\"><div class=\"container normal-container\"><h1>B\u00fcro in Tisens<\/h1>  <a href=\"https:\/\/www.nordfenster.it\/de\/portfolio\/buero-in-tisens\/\">View Project<\/a><\/div><\/div><\/div><!--project slide--><div class=\"project-slide next\"><div class=\"bg-outer-wrap\"><div class=\"bg-outer\"><div class=\"bg-inner-wrap\" style=\"background-color: #000000;\"><div class=\"slide-bg\" style=\"background-image:url(https:\/\/www.nordfenster.it\/wp-content\/uploads\/2026\/01\/bild-91-scaled.jpg)\"><\/div><\/div><\/div><\/div><div class=\"project-info\"><div class=\"container normal-container\"><h1>Wohnung in Tisens<\/h1>  <a href=\"https:\/\/www.nordfenster.it\/de\/portfolio\/wohnung-in-tisens\/\">View Project<\/a><\/div><\/div><\/div><!--project slide--><div class=\"project-slide next\"><div class=\"bg-outer-wrap\"><div class=\"bg-outer\"><div class=\"bg-inner-wrap\" style=\"background-color: #000000;\"><div class=\"slide-bg\" style=\"background-image:url(https:\/\/www.nordfenster.it\/wp-content\/uploads\/2026\/01\/bild-295.jpg)\"><\/div><\/div><\/div><\/div><div class=\"project-info\"><div class=\"container normal-container\"><h1>Wohnung in Bozen<\/h1>  <a href=\"https:\/\/www.nordfenster.it\/de\/portfolio\/wohnung-in-bozen-4\/\">View Project<\/a><\/div><\/div><\/div><!--project slide--><\/div><div class=\"container normal-container\"><div class=\"zoom-slider-controls\"><a class=\"prev\" href=\"#\"><i class=\"fa fa-angle-left\" aria-hidden=\"true\"><\/i><\/a><a class=\"next\" href=\"#\"><i class=\"fa fa-angle-right\" aria-hidden=\"true\"><\/i><\/a><\/div><\/div><\/div><!--nectar_fullscreen_zoom_recent_projects-->[\/vc_column][\/vc_row][vc_row type=&#8220;in_container&#8220; full_screen_row_position=&#8220;middle&#8220; scene_position=&#8220;center&#8220; text_color=&#8220;light&#8220; text_align=&#8220;center&#8220; bottom_padding=&#8220;10%&#8220; overlay_strength=&#8220;0.3&#8243; shape_divider_position=&#8220;bottom&#8220; bg_image_animation=&#8220;none&#8220; shape_type=&#8220;&#8220;][vc_column column_padding=&#8220;padding-5-percent&#8220; column_padding_position=&#8220;all&#8220; background_color=&#8220;#273e85&#8243; background_color_opacity=&#8220;1&#8243; background_hover_color_opacity=&#8220;1&#8243; column_link_target=&#8220;_self&#8220; column_shadow=&#8220;none&#8220; column_border_radius=&#8220;none&#8220; width=&#8220;1\/1&#8243; tablet_width_inherit=&#8220;default&#8220; tablet_text_alignment=&#8220;default&#8220; phone_text_alignment=&#8220;default&#8220; column_border_width=&#8220;none&#8220; column_border_style=&#8220;solid&#8220; bg_image_animation=&#8220;none&#8220;][split_line_heading]\n<h2>Wollen Sie die Fenster Ihres Geb\u00e4udes erneuern?<\/h2>\n[\/split_line_heading][nectar_cta btn_style=&#8220;see-through&#8220; heading_tag=&#8220;h6&#8243; text_color=&#8220;#ffffff&#8220; link_type=&#8220;regular&#8220; alignment=&#8220;center&#8220; link_text=&#8220;Kontaktieren Sie uns f\u00fcr einen Termin vor Ort!&#8220; margin_top=&#8220;-20&#8243; url=&#8220;\/sopralluogo\/&#8220;][\/vc_column][\/vc_row]\n","protected":false},"excerpt":{"rendered":"<p>[vc_row type=&#8220;full_width_background&#8220; full_screen_row_position=&#8220;middle&#8220; bg_color=&#8220;#fafafa&#8220; scene_position=&#8220;center&#8220; text_color=&#8220;dark&#8220; text_align=&#8220;left&#8220; top_padding=&#8220;4%&#8220; bottom_padding=&#8220;4%&#8220; overlay_strength=&#8220;0.3&#8243; shape_divider_position=&#8220;bottom&#8220; bg_image_animation=&#8220;none&#8220; shape_type=&#8220;&#8220;][vc_column column_padding=&#8220;padding-5-percent&#8220; column_padding_position=&#8220;all&#8220; background_color_opacity=&#8220;1&#8243; background_hover_color_opacity=&#8220;1&#8243; column_link_target=&#8220;_self&#8220; column_shadow=&#8220;none&#8220; column_border_radius=&#8220;none&#8220; width=&#8220;2\/3&#8243; tablet_width_inherit=&#8220;default&#8220; tablet_text_alignment=&#8220;default&#8220; phone_text_alignment=&#8220;default&#8220; column_border_width=&#8220;none&#8220;&#8230;<\/p>\n","protected":false},"author":6,"featured_media":0,"parent":0,"menu_order":0,"comment_status":"closed","ping_status":"closed","template":"page-after_body.php","meta":{"_acf_changed":false,"footnotes":""},"class_list":["post-7081","page","type-page","status-publish"],"acf":[],"_links":{"self":[{"href":"https:\/\/www.nordfenster.it\/de\/wp-json\/wp\/v2\/pages\/7081","targetHints":{"allow":["GET"]}}],"collection":[{"href":"https:\/\/www.nordfenster.it\/de\/wp-json\/wp\/v2\/pages"}],"about":[{"href":"https:\/\/www.nordfenster.it\/de\/wp-json\/wp\/v2\/types\/page"}],"author":[{"embeddable":true,"href":"https:\/\/www.nordfenster.it\/de\/wp-json\/wp\/v2\/users\/6"}],"replies":[{"embeddable":true,"href":"https:\/\/www.nordfenster.it\/de\/wp-json\/wp\/v2\/comments?post=7081"}],"version-history":[{"count":1,"href":"https:\/\/www.nordfenster.it\/de\/wp-json\/wp\/v2\/pages\/7081\/revisions"}],"predecessor-version":[{"id":7082,"href":"https:\/\/www.nordfenster.it\/de\/wp-json\/wp\/v2\/pages\/7081\/revisions\/7082"}],"wp:attachment":[{"href":"https:\/\/www.nordfenster.it\/de\/wp-json\/wp\/v2\/media?parent=7081"}],"curies":[{"name":"wp","href":"https:\/\/api.w.org\/{rel}","templated":true}]}}