{"id":7061,"date":"2019-05-22T18:07:15","date_gmt":"2019-05-22T16:07:15","guid":{"rendered":"https:\/\/nordfenster.it\/glasverschlusssysteme\/"},"modified":"2022-03-24T16:01:22","modified_gmt":"2022-03-24T15:01:22","slug":"glasfronten","status":"publish","type":"page","link":"https:\/\/www.nordfenster.it\/de\/glasfronten\/","title":{"rendered":"Glasfronten"},"content":{"rendered":"[vc_row type=&#8220;full_width_background&#8220; full_screen_row_position=&#8220;middle&#8220; bg_color=&#8220;#fafafa&#8220; scene_position=&#8220;center&#8220; text_color=&#8220;dark&#8220; text_align=&#8220;left&#8220; top_padding=&#8220;4%&#8220; bottom_padding=&#8220;15%&#8220; overlay_strength=&#8220;0.3&#8243; shape_divider_position=&#8220;bottom&#8220; bg_image_animation=&#8220;none&#8220; shape_type=&#8220;&#8220;][vc_column column_padding=&#8220;padding-5-percent&#8220; column_padding_position=&#8220;all&#8220; background_color_opacity=&#8220;1&#8243; background_hover_color_opacity=&#8220;1&#8243; column_link_target=&#8220;_self&#8220; column_shadow=&#8220;none&#8220; column_border_radius=&#8220;none&#8220; width=&#8220;2\/3&#8243; tablet_width_inherit=&#8220;default&#8220; tablet_text_alignment=&#8220;default&#8220; phone_text_alignment=&#8220;default&#8220; column_border_width=&#8220;none&#8220; column_border_style=&#8220;solid&#8220; bg_image_animation=&#8220;none&#8220;][split_line_heading]\n<h1>Sunflex-Glasfronten<\/h1>\n[\/split_line_heading][split_line_heading]\n<h2>Sunflex ist ein revolution\u00e4res System von Glasfronten, das Nordfenster f\u00fcr besonders innovative Projekte nutzt.<\/h2>\n[\/split_line_heading][vc_column_text]Das hochinnovative Glasfront-System von Sunflex erm\u00f6glicht es, Glasfronten auf ihrer ganzen L\u00e4nge zu \u00f6ffnen. Nordfenster nutzt dieses System, um Wohnr\u00e4ume gro\u00dfz\u00fcgig nach au\u00dfen zu \u00f6ffnen und so einen optimalen Tageslichteinfall zu erm\u00f6glichen. Die \u00d6ffnung der Sunflex-Glasfronten erfolgt \u00fcber eines von drei Systemen, also ein Schiebe-, ein Schiebe-Dreh- oder ein Falt-Schiebe-System.[\/vc_column_text][\/vc_column][vc_column column_padding=&#8220;no-extra-padding&#8220; column_padding_position=&#8220;all&#8220; background_color_opacity=&#8220;1&#8243; background_hover_color_opacity=&#8220;1&#8243; column_link_target=&#8220;_self&#8220; column_shadow=&#8220;none&#8220; column_border_radius=&#8220;none&#8220; width=&#8220;1\/3&#8243; tablet_width_inherit=&#8220;default&#8220; tablet_text_alignment=&#8220;default&#8220; phone_text_alignment=&#8220;default&#8220; column_border_width=&#8220;none&#8220; column_border_style=&#8220;solid&#8220; bg_image_animation=&#8220;none&#8220;][\/vc_column][\/vc_row][vc_row type=&#8220;in_container&#8220; full_screen_row_position=&#8220;middle&#8220; scene_position=&#8220;center&#8220; text_color=&#8220;dark&#8220; text_align=&#8220;left&#8220; overlay_strength=&#8220;0.3&#8243; shape_divider_position=&#8220;bottom&#8220; bg_image_animation=&#8220;none&#8220;][vc_column column_padding=&#8220;no-extra-padding&#8220; column_padding_position=&#8220;all&#8220; background_color_opacity=&#8220;1&#8243; background_hover_color_opacity=&#8220;1&#8243; column_link_target=&#8220;_self&#8220; column_shadow=&#8220;none&#8220; column_border_radius=&#8220;none&#8220; top_margin=&#8220;-15%&#8220; width=&#8220;1\/1&#8243; tablet_width_inherit=&#8220;default&#8220; tablet_text_alignment=&#8220;default&#8220; phone_text_alignment=&#8220;default&#8220; column_border_width=&#8220;none&#8220; column_border_style=&#8220;solid&#8220; bg_image_animation=&#8220;none&#8220;][vc_gallery type=&#8220;flexslider_style&#8220; images=&#8220;6266,6267,6268,6269&#8243; onclick=&#8220;link_no&#8220; img_size=&#8220;1500&#215;610&#8243;][\/vc_column][\/vc_row][vc_row type=&#8220;full_width_background&#8220; full_screen_row_position=&#8220;middle&#8220; equal_height=&#8220;yes&#8220; content_placement=&#8220;top&#8220; bg_color=&#8220;#ffffff&#8220; scene_position=&#8220;center&#8220; text_color=&#8220;dark&#8220; text_align=&#8220;left&#8220; top_padding=&#8220;5%&#8220; id=&#8220;ho78&#8243; overlay_strength=&#8220;0.3&#8243; shape_divider_position=&#8220;bottom&#8220; bg_image_animation=&#8220;none&#8220; shape_type=&#8220;&#8220;][vc_column column_padding=&#8220;padding-4-percent&#8220; column_padding_position=&#8220;all&#8220; background_color_opacity=&#8220;1&#8243; background_hover_color_opacity=&#8220;1&#8243; column_link_target=&#8220;_self&#8220; column_shadow=&#8220;none&#8220; column_border_radius=&#8220;none&#8220; width=&#8220;1\/2&#8243; tablet_width_inherit=&#8220;default&#8220; tablet_text_alignment=&#8220;default&#8220; phone_text_alignment=&#8220;default&#8220; column_border_width=&#8220;none&#8220; column_border_style=&#8220;solid&#8220; bg_image_animation=&#8220;none&#8220;][split_line_heading]\n<h2><span style=\"color: #273e85;\">Vollglas-Schiebesystem<br \/>\n<\/span><\/h2>\n[\/split_line_heading][vc_row_inner column_margin=&#8220;default&#8220; text_align=&#8220;left&#8220;][vc_column_inner column_padding=&#8220;padding-5-percent&#8220; column_padding_position=&#8220;left&#8220; background_color_opacity=&#8220;1&#8243; background_hover_color_opacity=&#8220;1&#8243; column_shadow=&#8220;none&#8220; column_border_radius=&#8220;none&#8220; column_link_target=&#8220;_self&#8220; width=&#8220;1\/1&#8243; tablet_width_inherit=&#8220;default&#8220; column_border_width=&#8220;none&#8220; column_border_style=&#8220;solid&#8220; bg_image_animation=&#8220;none&#8220;]<div class=\"nectar-fancy-ul\" data-list-icon=\"icon-salient-thin-line\" data-animation=\"false\" data-animation-delay=\"0\" data-color=\"extra-color-1\" data-spacing=\"default\" data-alignment=\"left\"> \n<ul>\n<li class=\"li1\"><span class=\"s2\">Auswahlm\u00f6glichkeit zwischen in den Boden eingelassener und erh\u00f6hter Schiene<\/span><\/li>\n<li class=\"li1\"><span class=\"s2\">Mit oder ohne seitlichen vertikalen Rahmen<\/span><\/li>\n<li class=\"li1\"><span class=\"s2\">Kann nach rechts und links ge\u00f6ffnet werden<\/span><\/li>\n<li class=\"li1\"><span class=\"s2\">Reine Glaswand<\/span><\/li>\n<li class=\"li1\"><span class=\"s2\">Alle Beschl\u00e4ge sind in den Profilen versteckt<\/span><\/li>\n<li class=\"li1\"><span class=\"s2\">Alle Beschl\u00e4ge sind nahezu wartungsfrei, korrosionsbest\u00e4ndig und st\u00f6rungssicher<\/span><\/li>\n<li class=\"li1\"><span class=\"s2\">Hebelverriegelung von innen oder au\u00dfen<\/span><\/li>\n<\/ul>\n <\/div>[\/vc_column_inner][\/vc_row_inner][\/vc_column][vc_column column_padding=&#8220;no-extra-padding&#8220; column_padding_position=&#8220;all&#8220; background_color_opacity=&#8220;1&#8243; background_hover_color_opacity=&#8220;1&#8243; video_bg=&#8220;use_video&#8220; video_webm=&#8220;https:\/\/nordfenster.it\/wp-content\/uploads\/2019\/03\/SF20_Funktionsprinzip.webm&#8220; column_link_target=&#8220;_self&#8220; column_shadow=&#8220;none&#8220; column_border_radius=&#8220;none&#8220; width=&#8220;1\/2&#8243; tablet_width_inherit=&#8220;default&#8220; tablet_text_alignment=&#8220;default&#8220; phone_text_alignment=&#8220;default&#8220; column_border_width=&#8220;none&#8220; column_border_style=&#8220;solid&#8220; bg_image_animation=&#8220;none&#8220;][divider line_type=&#8220;No Line&#8220; custom_height=&#8220;400&#8243;][\/vc_column][\/vc_row][vc_row type=&#8220;full_width_background&#8220; full_screen_row_position=&#8220;middle&#8220; bg_color=&#8220;#ffffff&#8220; scene_position=&#8220;center&#8220; text_color=&#8220;dark&#8220; text_align=&#8220;left&#8220; overlay_strength=&#8220;0.3&#8243; shape_divider_position=&#8220;bottom&#8220; bg_image_animation=&#8220;none&#8220; shape_type=&#8220;&#8220;][vc_column column_padding=&#8220;no-extra-padding&#8220; column_padding_position=&#8220;all&#8220; background_color_opacity=&#8220;1&#8243; background_hover_color_opacity=&#8220;1&#8243; column_link_target=&#8220;_self&#8220; column_shadow=&#8220;none&#8220; column_border_radius=&#8220;none&#8220; width=&#8220;1\/1&#8243; tablet_width_inherit=&#8220;default&#8220; tablet_text_alignment=&#8220;default&#8220; phone_text_alignment=&#8220;default&#8220; column_border_width=&#8220;none&#8220; column_border_style=&#8220;solid&#8220; bg_image_animation=&#8220;none&#8220;][divider line_type=&#8220;Full Width Line&#8220; line_thickness=&#8220;1&#8243; divider_color=&#8220;accent-color&#8220; custom_height=&#8220;200&#8243;][\/vc_column][\/vc_row][vc_row type=&#8220;full_width_background&#8220; full_screen_row_position=&#8220;middle&#8220; equal_height=&#8220;yes&#8220; content_placement=&#8220;top&#8220; bg_color=&#8220;#ffffff&#8220; scene_position=&#8220;center&#8220; text_color=&#8220;dark&#8220; text_align=&#8220;left&#8220; id=&#8220;ho78&#8243; overlay_strength=&#8220;0.3&#8243; shape_divider_position=&#8220;bottom&#8220; bg_image_animation=&#8220;none&#8220; shape_type=&#8220;&#8220;][vc_column column_padding=&#8220;padding-4-percent&#8220; column_padding_position=&#8220;all&#8220; background_color_opacity=&#8220;1&#8243; background_hover_color_opacity=&#8220;1&#8243; column_link_target=&#8220;_self&#8220; column_shadow=&#8220;none&#8220; column_border_radius=&#8220;none&#8220; width=&#8220;1\/2&#8243; tablet_width_inherit=&#8220;default&#8220; tablet_text_alignment=&#8220;default&#8220; phone_text_alignment=&#8220;default&#8220; column_border_width=&#8220;none&#8220; column_border_style=&#8220;solid&#8220; bg_image_animation=&#8220;none&#8220;][split_line_heading]\n<h2><span style=\"color: #273e85;\">Schiebe-Dreh-System<\/span><\/h2>\n[\/split_line_heading][vc_row_inner column_margin=&#8220;default&#8220; text_align=&#8220;left&#8220;][vc_column_inner column_padding=&#8220;padding-5-percent&#8220; column_padding_position=&#8220;left&#8220; background_color_opacity=&#8220;1&#8243; background_hover_color_opacity=&#8220;1&#8243; column_shadow=&#8220;none&#8220; column_border_radius=&#8220;none&#8220; column_link_target=&#8220;_self&#8220; width=&#8220;1\/1&#8243; tablet_width_inherit=&#8220;default&#8220; column_border_width=&#8220;none&#8220; column_border_style=&#8220;solid&#8220; bg_image_animation=&#8220;none&#8220;]<div class=\"nectar-fancy-ul\" data-list-icon=\"icon-salient-thin-line\" data-animation=\"false\" data-animation-delay=\"0\" data-color=\"extra-color-1\" data-spacing=\"default\" data-alignment=\"left\"> \n<ul>\n<li class=\"li1\"><span class=\"s2\">Auswahlm\u00f6glichkeit zwischen in den Boden eingelassener und erh\u00f6hter Schiene<\/span><\/li>\n<li class=\"li1\"><span class=\"s2\">Mit oder ohne seitlichen vertikalen Rahmen<\/span><\/li>\n<li class=\"li1\"><span class=\"s2\">Wahlm\u00f6glichkeit, ob die Front nach links oder rechts ge\u00f6ffnet werden kann<\/span><\/li>\n<li class=\"li1\"><span class=\"s2\">Alle Beschl\u00e4ge sind in den Profilen versteckt<\/span><\/li>\n<li class=\"li1\"><span class=\"s2\">Alle Beschl\u00e4ge sind nahezu wartungsfrei, korrosionsbest\u00e4ndig und st\u00f6rungssicher<\/span><\/li>\n<li class=\"li1\"><span class=\"s2\">M\u00f6glichkeit der Ver- und Entriegelung von innen und\/oder au\u00dfen<\/span><\/li>\n<\/ul>\n <\/div>[\/vc_column_inner][\/vc_row_inner][\/vc_column][vc_column column_padding=&#8220;no-extra-padding&#8220; column_padding_position=&#8220;all&#8220; background_color_opacity=&#8220;1&#8243; background_hover_color_opacity=&#8220;1&#8243; video_bg=&#8220;use_video&#8220; video_webm=&#8220;https:\/\/nordfenster.it\/wp-content\/uploads\/2019\/03\/SF25_Funktionsprinzip.webm&#8220; column_link_target=&#8220;_self&#8220; column_shadow=&#8220;none&#8220; column_border_radius=&#8220;none&#8220; width=&#8220;1\/2&#8243; tablet_width_inherit=&#8220;default&#8220; tablet_text_alignment=&#8220;default&#8220; phone_text_alignment=&#8220;default&#8220; column_border_width=&#8220;none&#8220; column_border_style=&#8220;solid&#8220; bg_image_animation=&#8220;none&#8220;][divider line_type=&#8220;No Line&#8220; custom_height=&#8220;400&#8243;][\/vc_column][\/vc_row][vc_row type=&#8220;full_width_background&#8220; full_screen_row_position=&#8220;middle&#8220; bg_color=&#8220;#ffffff&#8220; scene_position=&#8220;center&#8220; text_color=&#8220;dark&#8220; text_align=&#8220;left&#8220; overlay_strength=&#8220;0.3&#8243; shape_divider_position=&#8220;bottom&#8220; bg_image_animation=&#8220;none&#8220; shape_type=&#8220;&#8220;][vc_column column_padding=&#8220;no-extra-padding&#8220; column_padding_position=&#8220;all&#8220; background_color_opacity=&#8220;1&#8243; background_hover_color_opacity=&#8220;1&#8243; column_link_target=&#8220;_self&#8220; column_shadow=&#8220;none&#8220; column_border_radius=&#8220;none&#8220; width=&#8220;1\/1&#8243; tablet_width_inherit=&#8220;default&#8220; tablet_text_alignment=&#8220;default&#8220; phone_text_alignment=&#8220;default&#8220; column_border_width=&#8220;none&#8220; column_border_style=&#8220;solid&#8220; bg_image_animation=&#8220;none&#8220;][divider line_type=&#8220;Full Width Line&#8220; line_thickness=&#8220;1&#8243; divider_color=&#8220;accent-color&#8220; custom_height=&#8220;200&#8243;][\/vc_column][\/vc_row][vc_row type=&#8220;full_width_background&#8220; full_screen_row_position=&#8220;middle&#8220; equal_height=&#8220;yes&#8220; content_placement=&#8220;top&#8220; bg_color=&#8220;#ffffff&#8220; scene_position=&#8220;center&#8220; text_color=&#8220;dark&#8220; text_align=&#8220;left&#8220; bottom_padding=&#8220;5%&#8220; id=&#8220;ho78&#8243; overlay_strength=&#8220;0.3&#8243; shape_divider_position=&#8220;bottom&#8220; bg_image_animation=&#8220;none&#8220; shape_type=&#8220;&#8220;][vc_column column_padding=&#8220;padding-4-percent&#8220; column_padding_position=&#8220;all&#8220; background_color_opacity=&#8220;1&#8243; background_hover_color_opacity=&#8220;1&#8243; column_link_target=&#8220;_self&#8220; column_shadow=&#8220;none&#8220; column_border_radius=&#8220;none&#8220; width=&#8220;1\/2&#8243; tablet_width_inherit=&#8220;default&#8220; tablet_text_alignment=&#8220;default&#8220; phone_text_alignment=&#8220;default&#8220; column_border_width=&#8220;none&#8220; column_border_style=&#8220;solid&#8220; bg_image_animation=&#8220;none&#8220;][split_line_heading]\n<h2><span style=\"color: #273e85;\">Falt-Schiebe-System<\/span><\/h2>\n[\/split_line_heading][vc_row_inner column_margin=&#8220;default&#8220; text_align=&#8220;left&#8220;][vc_column_inner column_padding=&#8220;padding-5-percent&#8220; column_padding_position=&#8220;left&#8220; background_color_opacity=&#8220;1&#8243; background_hover_color_opacity=&#8220;1&#8243; column_shadow=&#8220;none&#8220; column_border_radius=&#8220;none&#8220; column_link_target=&#8220;_self&#8220; width=&#8220;1\/1&#8243; tablet_width_inherit=&#8220;default&#8220; column_border_width=&#8220;none&#8220; column_border_style=&#8220;solid&#8220; bg_image_animation=&#8220;none&#8220;]<div class=\"nectar-fancy-ul\" data-list-icon=\"icon-salient-thin-line\" data-animation=\"false\" data-animation-delay=\"0\" data-color=\"extra-color-1\" data-spacing=\"default\" data-alignment=\"left\"> \n<ul>\n<li class=\"li1\"><span class=\"s2\">Auswahlm\u00f6glichkeit zwischen in den Boden eingelassener und erh\u00f6hter Schiene<\/span><\/li>\n<li class=\"li1\"><span class=\"s2\">Wahlm\u00f6glichkeit, ob die Front nach links oder rechts ge\u00f6ffnet werden kann<\/span><\/li>\n<li class=\"li1\"><span class=\"s2\">Wahlm\u00f6glichkeit, ob die Front nach innen oder au\u00dfen ge\u00f6ffnet werden kann<\/span><\/li>\n<li class=\"li1\"><span class=\"s2\">Gleit- und F\u00fchrungsschienen sind b\u00fcndig integriert<\/span><\/li>\n<li class=\"li1\"><span class=\"s2\">Alle Beschl\u00e4ge sind in den Profilen versteckt<\/span><\/li>\n<li class=\"li1\"><span class=\"s2\">Auswahlm\u00f6glichkeit zwischen verschiedenen Verschlussm\u00f6glichkeiten<\/span><\/li>\n<li class=\"li1\"><span class=\"s2\">Alle Beschl\u00e4ge sind nahezu wartungsfrei, korrosionsbest\u00e4ndig und st\u00f6rungssicher<\/span><\/li>\n<li class=\"li1\"><span class=\"s2\">M\u00f6glichkeit der Ver- und Entriegelung von innen und\/oder au\u00dfen<\/span><\/li>\n<li class=\"li1\"><span class=\"s2\">Dichtungen in zwei Dichtungsebenen, die optimalen Schutz vor Wind und Regen bieten<\/span><\/li>\n<\/ul>\n <\/div>[\/vc_column_inner][\/vc_row_inner][\/vc_column][vc_column column_padding=&#8220;no-extra-padding&#8220; column_padding_position=&#8220;all&#8220; background_color_opacity=&#8220;1&#8243; background_hover_color_opacity=&#8220;1&#8243; video_bg=&#8220;use_video&#8220; video_webm=&#8220;https:\/\/nordfenster.it\/wp-content\/uploads\/2019\/03\/SF55_Funktionsprinzip.webm&#8220; column_link_target=&#8220;_self&#8220; column_shadow=&#8220;none&#8220; column_border_radius=&#8220;none&#8220; width=&#8220;1\/2&#8243; tablet_width_inherit=&#8220;default&#8220; tablet_text_alignment=&#8220;default&#8220; phone_text_alignment=&#8220;default&#8220; column_border_width=&#8220;none&#8220; column_border_style=&#8220;solid&#8220; bg_image_animation=&#8220;none&#8220;][divider line_type=&#8220;No Line&#8220; custom_height=&#8220;400&#8243;][\/vc_column][\/vc_row]\n","protected":false},"excerpt":{"rendered":"<p>[vc_row type=&#8220;full_width_background&#8220; full_screen_row_position=&#8220;middle&#8220; bg_color=&#8220;#fafafa&#8220; scene_position=&#8220;center&#8220; text_color=&#8220;dark&#8220; text_align=&#8220;left&#8220; top_padding=&#8220;4%&#8220; bottom_padding=&#8220;15%&#8220; overlay_strength=&#8220;0.3&#8243; shape_divider_position=&#8220;bottom&#8220; bg_image_animation=&#8220;none&#8220; shape_type=&#8220;&#8220;][vc_column column_padding=&#8220;padding-5-percent&#8220; column_padding_position=&#8220;all&#8220; background_color_opacity=&#8220;1&#8243; background_hover_color_opacity=&#8220;1&#8243; column_link_target=&#8220;_self&#8220; column_shadow=&#8220;none&#8220; column_border_radius=&#8220;none&#8220; width=&#8220;2\/3&#8243; tablet_width_inherit=&#8220;default&#8220; tablet_text_alignment=&#8220;default&#8220; phone_text_alignment=&#8220;default&#8220; column_border_width=&#8220;none&#8220;&#8230;<\/p>\n","protected":false},"author":6,"featured_media":0,"parent":0,"menu_order":0,"comment_status":"closed","ping_status":"closed","template":"page-after_body.php","meta":{"_acf_changed":false,"footnotes":""},"class_list":["post-7061","page","type-page","status-publish"],"acf":[],"_links":{"self":[{"href":"https:\/\/www.nordfenster.it\/de\/wp-json\/wp\/v2\/pages\/7061","targetHints":{"allow":["GET"]}}],"collection":[{"href":"https:\/\/www.nordfenster.it\/de\/wp-json\/wp\/v2\/pages"}],"about":[{"href":"https:\/\/www.nordfenster.it\/de\/wp-json\/wp\/v2\/types\/page"}],"author":[{"embeddable":true,"href":"https:\/\/www.nordfenster.it\/de\/wp-json\/wp\/v2\/users\/6"}],"replies":[{"embeddable":true,"href":"https:\/\/www.nordfenster.it\/de\/wp-json\/wp\/v2\/comments?post=7061"}],"version-history":[{"count":2,"href":"https:\/\/www.nordfenster.it\/de\/wp-json\/wp\/v2\/pages\/7061\/revisions"}],"predecessor-version":[{"id":7627,"href":"https:\/\/www.nordfenster.it\/de\/wp-json\/wp\/v2\/pages\/7061\/revisions\/7627"}],"wp:attachment":[{"href":"https:\/\/www.nordfenster.it\/de\/wp-json\/wp\/v2\/media?parent=7061"}],"curies":[{"name":"wp","href":"https:\/\/api.w.org\/{rel}","templated":true}]}}